{"id":946,"date":"2025-09-18T13:04:12","date_gmt":"2025-09-18T11:04:12","guid":{"rendered":"https:\/\/fe-zvei.de\/about-the-fe\/"},"modified":"2025-11-14T11:14:28","modified_gmt":"2025-11-14T10:14:28","slug":"about-the-fe","status":"publish","type":"page","link":"https:\/\/fe-zvei.de\/en\/about-the-fe\/","title":{"rendered":"About the FE"},"content":{"rendered":"<h1 class=\"wp-block-heading\">Our vision: World leadership through collaborative research<\/h1>Die Forschungsvereinigung Elektrotechnik beim ZVEI e. V. (FE) ist eine gemeinn\u00fctzige Organisation zur F\u00f6rderung von Innovation und anwendungsorientierter Forschung. \u00dcber die Teilnahme an Gemeinschaftsprojekten erm\u00f6glicht sie auch kleinen und mittleren Unternehmen (KMU) eine schnelle und unkomplizierte Teilnahme an gef\u00f6rderten Forschungsprojekten und damit Zugang zu technologischen Trends. Das Kompetenzspektrum der FE deckt dabei neben der Projektorganisation u. a. die Strategieentwicklung f\u00fcr den systematischen Aufbau digitaler \u00d6kosysteme, die Etablierung von Governance- und Netzwerk-Strukturen sowie den zielgerichteten Wissens- und Ergebnistransfer ab. Als Plattform f\u00fcr den Austausch zwischen Industrie, Forschung, Verb\u00e4nden und Start-ups schafft die FE ideale Rahmenbedingungen f\u00fcr langfristige Partnerschaften.<h3 class=\"wp-block-heading\">We make innovations tangible.<\/h3><h4 class=\"wp-block-heading\">{post_title}<\/h4><h4 class=\"wp-block-heading\">{post_title}<\/h4>{acf_team_rolle}Forschungsvereinigung Elektrotechnik beim ZVEI e. V. (FE) <br\/>Amelia-Mary-Earhart-Str. 12<br\/>60549 Frankfurt am MainMobil:{acf_telefonnummer}E-Mail:{acf_team-mail}<h4 class=\"wp-block-heading\">Do you want to learn more? Contact us!<\/h4><h3 class=\"wp-block-heading\">Become part of the FE!<\/h3><h4 class=\"wp-block-heading\">{post_title}<\/h4><h4 class=\"wp-block-heading\">{post_title}<\/h4>{post_excerpt}<h3 class=\"wp-block-heading\">Our team<\/h3><h4 class=\"wp-block-heading\">{post_title}<\/h4><h4 class=\"wp-block-heading\">{post_title}<\/h4>{acf_team_rolle}Mobil:{acf_telefonnummer}E-Mail:{acf_team-mail}","protected":false},"excerpt":{"rendered":"<p>Our vision: World leadership through collaborative research Die Forschungsvereinigung Elektrotechnik beim ZVEI e. V. (FE) ist eine gemeinn\u00fctzige Organisation zur F\u00f6rderung von Innovation und anwendungsorientierter Forschung. \u00dcber die Teilnahme an Gemeinschaftsprojekten erm\u00f6glicht sie auch kleinen und mittleren Unternehmen (KMU) eine schnelle und unkomplizierte Teilnahme an gef\u00f6rderten Forschungsprojekten und damit Zugang zu technologischen Trends. Das Kompetenzspektrum [&hellip;]<\/p>\n","protected":false},"author":1,"featured_media":0,"parent":0,"menu_order":0,"comment_status":"closed","ping_status":"closed","template":"","meta":{"_acf_changed":false,"footnotes":""},"class_list":["post-946","page","type-page","status-publish","hentry"],"acf":[],"_links":{"self":[{"href":"https:\/\/fe-zvei.de\/en\/wp-json\/wp\/v2\/pages\/946","targetHints":{"allow":["GET"]}}],"collection":[{"href":"https:\/\/fe-zvei.de\/en\/wp-json\/wp\/v2\/pages"}],"about":[{"href":"https:\/\/fe-zvei.de\/en\/wp-json\/wp\/v2\/types\/page"}],"author":[{"embeddable":true,"href":"https:\/\/fe-zvei.de\/en\/wp-json\/wp\/v2\/users\/1"}],"replies":[{"embeddable":true,"href":"https:\/\/fe-zvei.de\/en\/wp-json\/wp\/v2\/comments?post=946"}],"version-history":[{"count":0,"href":"https:\/\/fe-zvei.de\/en\/wp-json\/wp\/v2\/pages\/946\/revisions"}],"wp:attachment":[{"href":"https:\/\/fe-zvei.de\/en\/wp-json\/wp\/v2\/media?parent=946"}],"curies":[{"name":"wp","href":"https:\/\/api.w.org\/{rel}","templated":true}]}}